{"id":12824,"date":"2016-08-05T06:41:53","date_gmt":"2016-08-05T06:41:53","guid":{"rendered":"http:\/\/boot-yacht-mieten.de\/toern-14-tage-nach-bad-saarow\/"},"modified":"2017-03-14T18:24:41","modified_gmt":"2017-03-14T18:24:41","slug":"boat-yacht-tour-bad-saarow","status":"publish","type":"page","link":"https:\/\/marina-alter-hafen.de\/en\/boat-yacht-tour-bad-saarow\/","title":{"rendered":"Tour Bad Saarow"},"content":{"rendered":"<h3>Proposals for 14-day trips by boat or yacht (without boating licence)<br \/>\n<strong>Mildenberg &#8211; Berlin\/M\u00fcggelsee &#8211; Eisenh\u00fcttenstadt or K\u00f6nigs-Wusterhausen &#8211; Storkow &#8211; Scharm\u00fctzelsee (Bad Saarow)<\/strong><\/h3>\n<p>Having arrived at the landing pier in Berlin-K\u00f6penick, you can visit the arboretum, the botanic garden or, for example, the baroque palace and the castle chapel. The public jetty in the city centre of K\u00f6nigs-Wusterhausen could be your next stop. From here you can visit the Church of the Cross, the castle or the Dahmeland museum. <a href=\"http:\/\/www.koenigs-wusterhausen.de\/\" target=\"_blank\">http:\/\/www.koenigs-wusterhausen.de\/<\/a> Have you ever heard of Didi Senft? Mr Senft is a bicycle designer and is considered to be the manufacturer of the arguably craziest bikes of the world. Stop by his museum in the city of Storkow. <a href=\"http:\/\/www.xn--spass-scharmtzeluzb.de\/Fahrradmuseum.html\" target=\"_blank\">http:\/\/www.xn--spass-scharmtzeluzb.de\/Fahrradmuseum.html<\/a><\/p>\n<p>Furthermore, here you can explore the beautiful historic district as well as the castle complex. Having reached Bad Saarow, the spa town with mineral spring, have a good time in the thermal bath! <a href=\"https:\/\/therme.badsaarow.de\/\" target=\"_blank\">https:\/\/therme.badsaarow.de\/<\/a><\/p>\n<p>Those who are looking for a little more action get their money&#8217;s worth at the climbing wall <a href=\"http:\/\/www.kletterwald-badsaarow.de\/\" target=\"_blank\">http:\/\/www.kletterwald-badsaarow.de\/<\/a> or the all-weather luge run.<br \/>\nTop off the programme with an evening visit at the theatre.<\/p>\n","protected":false},"excerpt":{"rendered":"<p>Proposals for 14-day trips by boat or yacht (without boating licence) Mildenberg &#8211; Berlin\/M\u00fcggelsee &#8211; Eisenh\u00fcttenstadt or K\u00f6nigs-Wusterhausen &#8211; Storkow &#8211; Scharm\u00fctzelsee (Bad Saarow) Having arrived at the landing pier in Berlin-K\u00f6penick, you can visit the arboretum, the botanic garden or, for example, the baroque palace and the castle chapel. The public jetty in the<\/p>\n","protected":false},"author":1,"featured_media":0,"parent":0,"menu_order":0,"comment_status":"closed","ping_status":"closed","template":"","meta":{"_exactmetrics_skip_tracking":false,"_exactmetrics_sitenote_active":false,"_exactmetrics_sitenote_note":"","_exactmetrics_sitenote_category":0,"footnotes":""},"class_list":["post-12824","page","type-page","status-publish","hentry","prodpage-style2"],"yoast_head":"<!-- This site is optimized with the Yoast SEO Premium plugin v27.1 (Yoast SEO v27.1.1) - https:\/\/yoast.com\/product\/yoast-seo-premium-wordpress\/ -->\n<title>Tour Bad Saarow - Marina Alter Hafen<\/title>\n<meta name=\"description\" content=\"Tour: Our marina &quot;Alter Hafen&quot; which is located in Brandenburg is the ideal starting point for trips between Hamburg and Berlin, Potsdam and beyond.\" \/>\n<meta name=\"robots\" content=\"index, follow, max-snippet:-1, max-image-preview:large, max-video-preview:-1\" \/>\n<link rel=\"canonical\" href=\"https:\/\/marina-alter-hafen.de\/en\/boat-yacht-tour-bad-saarow\/\" \/>\n<meta name=\"twitter:label1\" content=\"Est. reading time\" \/>\n\t<meta name=\"twitter:data1\" content=\"1 minute\" \/>\n<script type=\"application\/ld+json\" class=\"yoast-schema-graph\">{\"@context\":\"https:\/\/schema.org\",\"@graph\":[{\"@type\":\"WebPage\",\"@id\":\"https:\/\/marina-alter-hafen.de\/en\/boat-yacht-tour-bad-saarow\/\",\"url\":\"https:\/\/marina-alter-hafen.de\/en\/boat-yacht-tour-bad-saarow\/\",\"name\":\"Tour Bad Saarow - Marina Alter Hafen\",\"isPartOf\":{\"@id\":\"https:\/\/marina-alter-hafen.de\/#website\"},\"datePublished\":\"2016-08-05T06:41:53+00:00\",\"dateModified\":\"2017-03-14T18:24:41+00:00\",\"description\":\"Tour: Our marina \\\"Alter Hafen\\\" which is located in Brandenburg is the ideal starting point for trips between Hamburg and Berlin, Potsdam and beyond.\",\"breadcrumb\":{\"@id\":\"https:\/\/marina-alter-hafen.de\/en\/boat-yacht-tour-bad-saarow\/#breadcrumb\"},\"inLanguage\":\"en-US\",\"potentialAction\":[{\"@type\":\"ReadAction\",\"target\":[\"https:\/\/marina-alter-hafen.de\/en\/boat-yacht-tour-bad-saarow\/\"]}]},{\"@type\":\"BreadcrumbList\",\"@id\":\"https:\/\/marina-alter-hafen.de\/en\/boat-yacht-tour-bad-saarow\/#breadcrumb\",\"itemListElement\":[{\"@type\":\"ListItem\",\"position\":1,\"name\":\"Startseite\",\"item\":\"https:\/\/marina-alter-hafen.de\/en\/\"},{\"@type\":\"ListItem\",\"position\":2,\"name\":\"Tour Bad Saarow\"}]},{\"@type\":\"WebSite\",\"@id\":\"https:\/\/marina-alter-hafen.de\/#website\",\"url\":\"https:\/\/marina-alter-hafen.de\/\",\"name\":\"Marina Alter Hafen\",\"description\":\"Boot oder Yacht mieten - Urlaub auf dem Boot - Brandenburg\",\"publisher\":{\"@id\":\"https:\/\/marina-alter-hafen.de\/#organization\"},\"potentialAction\":[{\"@type\":\"SearchAction\",\"target\":{\"@type\":\"EntryPoint\",\"urlTemplate\":\"https:\/\/marina-alter-hafen.de\/?s={search_term_string}\"},\"query-input\":{\"@type\":\"PropertyValueSpecification\",\"valueRequired\":true,\"valueName\":\"search_term_string\"}}],\"inLanguage\":\"en-US\"},{\"@type\":\"Organization\",\"@id\":\"https:\/\/marina-alter-hafen.de\/#organization\",\"name\":\"MARINA ALTER HAFEN\",\"url\":\"https:\/\/marina-alter-hafen.de\/\",\"logo\":{\"@type\":\"ImageObject\",\"inLanguage\":\"en-US\",\"@id\":\"https:\/\/marina-alter-hafen.de\/#\/schema\/logo\/image\/\",\"url\":\"https:\/\/marina-alter-hafen.de\/wp-content\/uploads\/2016\/09\/Logo-Marina-Alter-Hafen-500.jpg\",\"contentUrl\":\"https:\/\/marina-alter-hafen.de\/wp-content\/uploads\/2016\/09\/Logo-Marina-Alter-Hafen-500.jpg\",\"width\":500,\"height\":360,\"caption\":\"MARINA ALTER HAFEN\"},\"image\":{\"@id\":\"https:\/\/marina-alter-hafen.de\/#\/schema\/logo\/image\/\"}}]}<\/script>\n<!-- \/ Yoast SEO Premium plugin. -->","yoast_head_json":{"title":"Tour Bad Saarow - Marina Alter Hafen","description":"Tour: Our marina \"Alter Hafen\" which is located in Brandenburg is the ideal starting point for trips between Hamburg and Berlin, Potsdam and beyond.","robots":{"index":"index","follow":"follow","max-snippet":"max-snippet:-1","max-image-preview":"max-image-preview:large","max-video-preview":"max-video-preview:-1"},"canonical":"https:\/\/marina-alter-hafen.de\/en\/boat-yacht-tour-bad-saarow\/","twitter_misc":{"Est. reading time":"1 minute"},"schema":{"@context":"https:\/\/schema.org","@graph":[{"@type":"WebPage","@id":"https:\/\/marina-alter-hafen.de\/en\/boat-yacht-tour-bad-saarow\/","url":"https:\/\/marina-alter-hafen.de\/en\/boat-yacht-tour-bad-saarow\/","name":"Tour Bad Saarow - Marina Alter Hafen","isPartOf":{"@id":"https:\/\/marina-alter-hafen.de\/#website"},"datePublished":"2016-08-05T06:41:53+00:00","dateModified":"2017-03-14T18:24:41+00:00","description":"Tour: Our marina \"Alter Hafen\" which is located in Brandenburg is the ideal starting point for trips between Hamburg and Berlin, Potsdam and beyond.","breadcrumb":{"@id":"https:\/\/marina-alter-hafen.de\/en\/boat-yacht-tour-bad-saarow\/#breadcrumb"},"inLanguage":"en-US","potentialAction":[{"@type":"ReadAction","target":["https:\/\/marina-alter-hafen.de\/en\/boat-yacht-tour-bad-saarow\/"]}]},{"@type":"BreadcrumbList","@id":"https:\/\/marina-alter-hafen.de\/en\/boat-yacht-tour-bad-saarow\/#breadcrumb","itemListElement":[{"@type":"ListItem","position":1,"name":"Startseite","item":"https:\/\/marina-alter-hafen.de\/en\/"},{"@type":"ListItem","position":2,"name":"Tour Bad Saarow"}]},{"@type":"WebSite","@id":"https:\/\/marina-alter-hafen.de\/#website","url":"https:\/\/marina-alter-hafen.de\/","name":"Marina Alter Hafen","description":"Boot oder Yacht mieten - Urlaub auf dem Boot - Brandenburg","publisher":{"@id":"https:\/\/marina-alter-hafen.de\/#organization"},"potentialAction":[{"@type":"SearchAction","target":{"@type":"EntryPoint","urlTemplate":"https:\/\/marina-alter-hafen.de\/?s={search_term_string}"},"query-input":{"@type":"PropertyValueSpecification","valueRequired":true,"valueName":"search_term_string"}}],"inLanguage":"en-US"},{"@type":"Organization","@id":"https:\/\/marina-alter-hafen.de\/#organization","name":"MARINA ALTER HAFEN","url":"https:\/\/marina-alter-hafen.de\/","logo":{"@type":"ImageObject","inLanguage":"en-US","@id":"https:\/\/marina-alter-hafen.de\/#\/schema\/logo\/image\/","url":"https:\/\/marina-alter-hafen.de\/wp-content\/uploads\/2016\/09\/Logo-Marina-Alter-Hafen-500.jpg","contentUrl":"https:\/\/marina-alter-hafen.de\/wp-content\/uploads\/2016\/09\/Logo-Marina-Alter-Hafen-500.jpg","width":500,"height":360,"caption":"MARINA ALTER HAFEN"},"image":{"@id":"https:\/\/marina-alter-hafen.de\/#\/schema\/logo\/image\/"}}]}},"_links":{"self":[{"href":"https:\/\/marina-alter-hafen.de\/en\/wp-json\/wp\/v2\/pages\/12824","targetHints":{"allow":["GET"]}}],"collection":[{"href":"https:\/\/marina-alter-hafen.de\/en\/wp-json\/wp\/v2\/pages"}],"about":[{"href":"https:\/\/marina-alter-hafen.de\/en\/wp-json\/wp\/v2\/types\/page"}],"author":[{"embeddable":true,"href":"https:\/\/marina-alter-hafen.de\/en\/wp-json\/wp\/v2\/users\/1"}],"replies":[{"embeddable":true,"href":"https:\/\/marina-alter-hafen.de\/en\/wp-json\/wp\/v2\/comments?post=12824"}],"version-history":[{"count":0,"href":"https:\/\/marina-alter-hafen.de\/en\/wp-json\/wp\/v2\/pages\/12824\/revisions"}],"wp:attachment":[{"href":"https:\/\/marina-alter-hafen.de\/en\/wp-json\/wp\/v2\/media?parent=12824"}],"curies":[{"name":"wp","href":"https:\/\/api.w.org\/{rel}","templated":true}]}}