{"id":12823,"date":"2016-08-05T06:42:02","date_gmt":"2016-08-05T06:42:02","guid":{"rendered":"http:\/\/boot-yacht-mieten.de\/toern-14-tage-nach-schwerin\/"},"modified":"2017-03-22T18:01:35","modified_gmt":"2017-03-22T18:01:35","slug":"boat-yacht-tour-schwerin","status":"publish","type":"page","link":"https:\/\/marina-alter-hafen.de\/en\/boat-yacht-tour-schwerin\/","title":{"rendered":"Tour Schwerin"},"content":{"rendered":"<h3>Proposals for 14-day trips by boat or yacht (without boating licence)<br \/>\n<strong>Mildenberg &#8211; F\u00fcrstenberg &#8211; Mirow &#8211; Waren M\u00fcritz &#8211; Plau am See &#8211; L\u00fcbz &#8211; Parchim &#8211; Schwerin &#8211;\u00a0Waren &#8211;\u00a0Mirow &#8211;\u00a0F\u00fcrstenberg &#8211;\u00a0Mildenberg <\/strong><\/h3>\n<p><strong>Good morning, Mecklenburg!<\/strong><br \/>\nThe trip across the Great Mecklenburg Lake District (&#8220;Mecklenburgische Seenplatte&#8221;) and further westwards on the M\u00fcritz-Elde waterway is winding through a breathtaking natural landscape. This fascinating area offers an interesting mixture of picturesque lakes, idyllic canals and towns worth seeing with historic half-timber houses, e.g. Plau am See. Past the beer town L\u00fcbz and along the bird and nature preserve of the Lewitz, the final climax of of this route awaits you \u2013 the grand Schwerin Castle on the island in the centre of the town.<\/p>\n<p>On it goes, via F\u00fcrstenberg, towards lake M\u00fcritz. We recommend to stop by in the city of Waren and visit e.g. the M\u00fcritzeum or the B\u00e4renwald (bear sanctuary). <a href=\"http:\/\/www.warenmueritz.de\/\" target=\"_blank\">http:\/\/www.warenmueritz.de\/<\/a><br \/>\nThe trip continues across lake Plauer See from where you can explore the towns of Plau am See, L\u00fcbz and Parchim (which is well-known for its medieval townscape and churches).<\/p>\n<p>Having arrived at Schwerin, there are several options for mooring. In close proximity to the Schwerin Castle there is the restaurant &#8220;Wallenstein&#8221; where you can moor and enjoy great meals and a beautiful view of the lake and the castle. Of course, you may also visit the famous Schwerin Castle which houses the Landtag (state parliament) of the Federal State of Mecklenburg-Vorpommern. Apart from that, the State Theatre, the zoo and other attractions invite you to plan on a few days more for your stay in this town. https:\/\/www.schwerin.com\/de\/index.html<\/p>\n","protected":false},"excerpt":{"rendered":"<p>Proposals for 14-day trips by boat or yacht (without boating licence) Mildenberg &#8211; F\u00fcrstenberg &#8211; Mirow &#8211; Waren M\u00fcritz &#8211; Plau am See &#8211; L\u00fcbz &#8211; Parchim &#8211; Schwerin &#8211;\u00a0Waren &#8211;\u00a0Mirow &#8211;\u00a0F\u00fcrstenberg &#8211;\u00a0Mildenberg Good morning, Mecklenburg! The trip across the Great Mecklenburg Lake District (&#8220;Mecklenburgische Seenplatte&#8221;) and further westwards on the M\u00fcritz-Elde waterway is winding<\/p>\n","protected":false},"author":1,"featured_media":0,"parent":0,"menu_order":0,"comment_status":"closed","ping_status":"closed","template":"","meta":{"_exactmetrics_skip_tracking":false,"_exactmetrics_sitenote_active":false,"_exactmetrics_sitenote_note":"","_exactmetrics_sitenote_category":0,"footnotes":""},"class_list":["post-12823","page","type-page","status-publish","hentry","prodpage-style2"],"yoast_head":"<!-- This site is optimized with the Yoast SEO Premium plugin v27.1 (Yoast SEO v27.1.1) - https:\/\/yoast.com\/product\/yoast-seo-premium-wordpress\/ -->\n<title>Tour Schwerin - Marina Alter Hafen<\/title>\n<meta name=\"description\" content=\"Tour: Our marina &quot;Alter Hafen&quot; which is located in Brandenburg is the ideal starting point for trips between Hamburg and Berlin, Potsdam and beyond.\" \/>\n<meta name=\"robots\" content=\"index, follow, max-snippet:-1, max-image-preview:large, max-video-preview:-1\" \/>\n<link rel=\"canonical\" href=\"https:\/\/marina-alter-hafen.de\/en\/boat-yacht-tour-schwerin\/\" \/>\n<meta name=\"twitter:label1\" content=\"Est. reading time\" \/>\n\t<meta name=\"twitter:data1\" content=\"1 minute\" \/>\n<script type=\"application\/ld+json\" class=\"yoast-schema-graph\">{\"@context\":\"https:\/\/schema.org\",\"@graph\":[{\"@type\":\"WebPage\",\"@id\":\"https:\/\/marina-alter-hafen.de\/en\/boat-yacht-tour-schwerin\/\",\"url\":\"https:\/\/marina-alter-hafen.de\/en\/boat-yacht-tour-schwerin\/\",\"name\":\"Tour Schwerin - Marina Alter Hafen\",\"isPartOf\":{\"@id\":\"https:\/\/marina-alter-hafen.de\/#website\"},\"datePublished\":\"2016-08-05T06:42:02+00:00\",\"dateModified\":\"2017-03-22T18:01:35+00:00\",\"description\":\"Tour: Our marina \\\"Alter Hafen\\\" which is located in Brandenburg is the ideal starting point for trips between Hamburg and Berlin, Potsdam and beyond.\",\"breadcrumb\":{\"@id\":\"https:\/\/marina-alter-hafen.de\/en\/boat-yacht-tour-schwerin\/#breadcrumb\"},\"inLanguage\":\"en-US\",\"potentialAction\":[{\"@type\":\"ReadAction\",\"target\":[\"https:\/\/marina-alter-hafen.de\/en\/boat-yacht-tour-schwerin\/\"]}]},{\"@type\":\"BreadcrumbList\",\"@id\":\"https:\/\/marina-alter-hafen.de\/en\/boat-yacht-tour-schwerin\/#breadcrumb\",\"itemListElement\":[{\"@type\":\"ListItem\",\"position\":1,\"name\":\"Startseite\",\"item\":\"https:\/\/marina-alter-hafen.de\/en\/\"},{\"@type\":\"ListItem\",\"position\":2,\"name\":\"Tour Schwerin\"}]},{\"@type\":\"WebSite\",\"@id\":\"https:\/\/marina-alter-hafen.de\/#website\",\"url\":\"https:\/\/marina-alter-hafen.de\/\",\"name\":\"Marina Alter Hafen\",\"description\":\"Boot oder Yacht mieten - Urlaub auf dem Boot - Brandenburg\",\"publisher\":{\"@id\":\"https:\/\/marina-alter-hafen.de\/#organization\"},\"potentialAction\":[{\"@type\":\"SearchAction\",\"target\":{\"@type\":\"EntryPoint\",\"urlTemplate\":\"https:\/\/marina-alter-hafen.de\/?s={search_term_string}\"},\"query-input\":{\"@type\":\"PropertyValueSpecification\",\"valueRequired\":true,\"valueName\":\"search_term_string\"}}],\"inLanguage\":\"en-US\"},{\"@type\":\"Organization\",\"@id\":\"https:\/\/marina-alter-hafen.de\/#organization\",\"name\":\"MARINA ALTER HAFEN\",\"url\":\"https:\/\/marina-alter-hafen.de\/\",\"logo\":{\"@type\":\"ImageObject\",\"inLanguage\":\"en-US\",\"@id\":\"https:\/\/marina-alter-hafen.de\/#\/schema\/logo\/image\/\",\"url\":\"https:\/\/marina-alter-hafen.de\/wp-content\/uploads\/2016\/09\/Logo-Marina-Alter-Hafen-500.jpg\",\"contentUrl\":\"https:\/\/marina-alter-hafen.de\/wp-content\/uploads\/2016\/09\/Logo-Marina-Alter-Hafen-500.jpg\",\"width\":500,\"height\":360,\"caption\":\"MARINA ALTER HAFEN\"},\"image\":{\"@id\":\"https:\/\/marina-alter-hafen.de\/#\/schema\/logo\/image\/\"}}]}<\/script>\n<!-- \/ Yoast SEO Premium plugin. -->","yoast_head_json":{"title":"Tour Schwerin - Marina Alter Hafen","description":"Tour: Our marina \"Alter Hafen\" which is located in Brandenburg is the ideal starting point for trips between Hamburg and Berlin, Potsdam and beyond.","robots":{"index":"index","follow":"follow","max-snippet":"max-snippet:-1","max-image-preview":"max-image-preview:large","max-video-preview":"max-video-preview:-1"},"canonical":"https:\/\/marina-alter-hafen.de\/en\/boat-yacht-tour-schwerin\/","twitter_misc":{"Est. reading time":"1 minute"},"schema":{"@context":"https:\/\/schema.org","@graph":[{"@type":"WebPage","@id":"https:\/\/marina-alter-hafen.de\/en\/boat-yacht-tour-schwerin\/","url":"https:\/\/marina-alter-hafen.de\/en\/boat-yacht-tour-schwerin\/","name":"Tour Schwerin - Marina Alter Hafen","isPartOf":{"@id":"https:\/\/marina-alter-hafen.de\/#website"},"datePublished":"2016-08-05T06:42:02+00:00","dateModified":"2017-03-22T18:01:35+00:00","description":"Tour: Our marina \"Alter Hafen\" which is located in Brandenburg is the ideal starting point for trips between Hamburg and Berlin, Potsdam and beyond.","breadcrumb":{"@id":"https:\/\/marina-alter-hafen.de\/en\/boat-yacht-tour-schwerin\/#breadcrumb"},"inLanguage":"en-US","potentialAction":[{"@type":"ReadAction","target":["https:\/\/marina-alter-hafen.de\/en\/boat-yacht-tour-schwerin\/"]}]},{"@type":"BreadcrumbList","@id":"https:\/\/marina-alter-hafen.de\/en\/boat-yacht-tour-schwerin\/#breadcrumb","itemListElement":[{"@type":"ListItem","position":1,"name":"Startseite","item":"https:\/\/marina-alter-hafen.de\/en\/"},{"@type":"ListItem","position":2,"name":"Tour Schwerin"}]},{"@type":"WebSite","@id":"https:\/\/marina-alter-hafen.de\/#website","url":"https:\/\/marina-alter-hafen.de\/","name":"Marina Alter Hafen","description":"Boot oder Yacht mieten - Urlaub auf dem Boot - Brandenburg","publisher":{"@id":"https:\/\/marina-alter-hafen.de\/#organization"},"potentialAction":[{"@type":"SearchAction","target":{"@type":"EntryPoint","urlTemplate":"https:\/\/marina-alter-hafen.de\/?s={search_term_string}"},"query-input":{"@type":"PropertyValueSpecification","valueRequired":true,"valueName":"search_term_string"}}],"inLanguage":"en-US"},{"@type":"Organization","@id":"https:\/\/marina-alter-hafen.de\/#organization","name":"MARINA ALTER HAFEN","url":"https:\/\/marina-alter-hafen.de\/","logo":{"@type":"ImageObject","inLanguage":"en-US","@id":"https:\/\/marina-alter-hafen.de\/#\/schema\/logo\/image\/","url":"https:\/\/marina-alter-hafen.de\/wp-content\/uploads\/2016\/09\/Logo-Marina-Alter-Hafen-500.jpg","contentUrl":"https:\/\/marina-alter-hafen.de\/wp-content\/uploads\/2016\/09\/Logo-Marina-Alter-Hafen-500.jpg","width":500,"height":360,"caption":"MARINA ALTER HAFEN"},"image":{"@id":"https:\/\/marina-alter-hafen.de\/#\/schema\/logo\/image\/"}}]}},"_links":{"self":[{"href":"https:\/\/marina-alter-hafen.de\/en\/wp-json\/wp\/v2\/pages\/12823","targetHints":{"allow":["GET"]}}],"collection":[{"href":"https:\/\/marina-alter-hafen.de\/en\/wp-json\/wp\/v2\/pages"}],"about":[{"href":"https:\/\/marina-alter-hafen.de\/en\/wp-json\/wp\/v2\/types\/page"}],"author":[{"embeddable":true,"href":"https:\/\/marina-alter-hafen.de\/en\/wp-json\/wp\/v2\/users\/1"}],"replies":[{"embeddable":true,"href":"https:\/\/marina-alter-hafen.de\/en\/wp-json\/wp\/v2\/comments?post=12823"}],"version-history":[{"count":0,"href":"https:\/\/marina-alter-hafen.de\/en\/wp-json\/wp\/v2\/pages\/12823\/revisions"}],"wp:attachment":[{"href":"https:\/\/marina-alter-hafen.de\/en\/wp-json\/wp\/v2\/media?parent=12823"}],"curies":[{"name":"wp","href":"https:\/\/api.w.org\/{rel}","templated":true}]}}