{"id":12099,"date":"2016-08-03T05:56:05","date_gmt":"2016-08-03T05:56:05","guid":{"rendered":"http:\/\/boot-yacht-mieten.de\/agb\/"},"modified":"2023-03-09T10:00:49","modified_gmt":"2023-03-09T09:00:49","slug":"terms-conditions","status":"publish","type":"page","link":"https:\/\/marina-alter-hafen.de\/en\/terms-conditions\/","title":{"rendered":"Terms &#038; Conditions"},"content":{"rendered":"<h1><img loading=\"lazy\" decoding=\"async\" class=\"alignright wp-image-12385\" src=\"https:\/\/marina-alter-hafen.de\/wp-content\/uploads\/2017\/02\/Urlaub-Impressionen-Jachurlaub-Pedro-Levanto-Havel-01-300x169.jpg\" width=\"500\" height=\"282\" srcset=\"https:\/\/marina-alter-hafen.de\/wp-content\/uploads\/2017\/02\/Urlaub-Impressionen-Jachurlaub-Pedro-Levanto-Havel-01-300x169.jpg 300w, https:\/\/marina-alter-hafen.de\/wp-content\/uploads\/2017\/02\/Urlaub-Impressionen-Jachurlaub-Pedro-Levanto-Havel-01-500x282.jpg 500w, https:\/\/marina-alter-hafen.de\/wp-content\/uploads\/2017\/02\/Urlaub-Impressionen-Jachurlaub-Pedro-Levanto-Havel-01-768x433.jpg 768w, https:\/\/marina-alter-hafen.de\/wp-content\/uploads\/2017\/02\/Urlaub-Impressionen-Jachurlaub-Pedro-Levanto-Havel-01-280x158.jpg 280w, https:\/\/marina-alter-hafen.de\/wp-content\/uploads\/2017\/02\/Urlaub-Impressionen-Jachurlaub-Pedro-Levanto-Havel-01-1170x659.jpg 1170w, https:\/\/marina-alter-hafen.de\/wp-content\/uploads\/2017\/02\/Urlaub-Impressionen-Jachurlaub-Pedro-Levanto-Havel-01.jpg 1200w\" sizes=\"auto, (max-width: 500px) 100vw, 500px\" title=\"\" alt=\"\" \/><strong>Allgemeine Gesch\u00e4ftsbedingungen der Brehm &amp; Presch Marina GbR<\/strong><br \/>\n<a href=\"https:\/\/marina-alter-hafen.de\/wp-content\/uploads\/2023\/03\/AGB_Marina_Alter_Hafen-2023.pdf\">AGBs im PDF-Format&#8230;<\/a><\/h1>\n<p><strong>AGB \u2013 Allgemeine Gesch\u00e4ftsbedingungen<\/strong><\/p>\n<p><strong>der Brehm &amp; Presch Marina GbR<\/strong><\/p>\n<p>Aus Gr\u00fcnden der besseren Lesbarkeit wird auf die gleichzeitige Verwendung der Sprachformen m\u00e4nnlich, weiblich und divers (m\/w\/d) verzichtet. S\u00e4mtliche Personenbezeichnungen gelten gleicherma\u00dfen f\u00fcr alle Geschlechter.<\/p>\n<p><strong>Chartervertrag<\/strong><\/p>\n<p><strong>I. Vertragsschluss Chartervertrag<\/strong><\/p>\n<p>Der Chartervertrag wird zwischen dem Vercharterer, (Brehm &amp; Presch Marina GbR) und dem Charterer (Gast) geschlossen. Die Reservierung und die Buchung bed\u00fcrfen der Schriftform.<br \/>\nDer Charterer hat unverz\u00fcglich, sp\u00e4testens jedoch 14 Tage nach Erhalt der Charterbest\u00e4tigung durch den Vercharterer, eine Anzahlung in H\u00f6he von 50 % des Charterpreises zu leisten. Ma\u00dfgebend f\u00fcr die fristgem\u00e4\u00dfe Leistung ist der Zahlungseingang bei dem Vercharterer.<br \/>\nF\u00fcr den Fall, dass der\u00a0 Charterer von dem Vertrag zur\u00fccktritt hat er dem Vercharterer laut nachfolgender Regelung\u00a0 zu erstatten: bis\u00a0 zu \u00a06 Monate vor\u00a0 Charterbeginn eine\u00a0 Bearbeitungsgeb\u00fchr\u00a0 von 80,00 \u20ac, bei R\u00fccktritt\u00a0 bis\u00a0 zu\u00a0 3 Monaten vor Charterbeginn eine\u00a0 R\u00fccktrittsgeb\u00fchr\u00a0 von\u00a0 50 %\u00a0 des Charterpreises,\u00a0 bei R\u00fccktritt bis zu 30 Tage vor Charterbeginn eine R\u00fccktrittsgeb\u00fchr von 75 %\u00a0 des\u00a0 Charterpreises, bei noch\u00a0 sp\u00e4terem R\u00fccktritt den gesamten Charterpreis.\u00a0 Dem Charterer obliegt der Nachweis eines geringeren Schadens. Der Vercharterer ist berechtigt zur Aufrechnung mit einer erhaltenen Anzahlung. Dem Charterer wird der Abschluss einer Reiser\u00fccktrittsversicherung angeboten und empfohlen.<\/p>\n<p><strong>II. Pflichten des Vercharterers<\/strong><\/p>\n<p>Der Vercharterer \u00fcbergibt dem Charterer die Yacht in vertragsgem\u00e4\u00dfem, gereinigtem und vollgetanktem Zustand. Die korrekte \u00dcbergabe wird durch ein \u00dcbergabeprotokoll best\u00e4tigt. Der Charterer erh\u00e4lt vor Reiseantritt eine Einweisung in die Bedienfunktionen der Yacht. Kommt der Vercharterer zu der \u00dcberzeugung, dass der oder die Yachtf\u00fchrer nicht \u00fcber die erforderlichen Kenntnisse zum F\u00fchren selbiger verf\u00fcgen, beh\u00e4lt er sich das Recht vor, die \u00dcbergabe der Yacht zu verweigern. Sollte dem Vercharterer die \u00dcbergabe der gebuchten Yacht zum Zeitpunkt des Reiseantritts nicht m\u00f6glich sein, so ist er berechtigt, dem Charterer eine vergleichbare Ersatzyacht zur Verf\u00fcgung zu stellen. Der Vercharterer hat f\u00fcr die Yacht eine Haftpflicht- und Vollkaskoversicherung abzuschlie\u00dfen. Die Versicherungskosten sind im Mietpreis enthalten. Im Schadensfall wird eine, von dem Charterer zu leistende, Selbstbeteiligung von bis zu 750,00 \/ 1.000,00 \u20ac (je nach Yachttyp) zur Anrechnung f\u00e4llig. Die Kaution ist vor Fahrtantritt per \u00dcberweisung \/ PayPal bei dem Vercharterer zu hinterlegen. F\u00fcr Unfallsch\u00e4den, die auf der Yacht befindliche Personen erleiden, haftet allein der Charterer (Benutzung der Yacht und des Zubeh\u00f6rs auf eigene Gefahr). Diesbez\u00fcglich besteht auch keine Versicherung bei dem Vercharterer. Die Kaution wird innerhalb von 4 Wochen nach Charter-Ende zur\u00fcckerstattet. Bei einem Schaden wird vereinbarungsgem\u00e4\u00df der H\u00f6he nach verrechnet.<\/p>\n<p><strong>III. Pflichten des Charterers<\/strong><\/p>\n<p>Der Charterer versichert, die Yacht verantwortlich zu f\u00fchren und sich vor Beginn der Reise \u00fcber s\u00e4mtliche \u00f6rtliche und tats\u00e4chlich relevanten Umst\u00e4nde im Hinblick auf die beabsichtigte Reiseroute zu informieren.<\/p>\n<p>Die Yacht\u00fcbergabe ist um 15.00 Uhr; die Yacht wird dann den betrieblichen Abl\u00e4ufen entsprechend an den Charterer mit Einweisung kurzfristig \u00fcbergeben. Der Charterschein-Kurs beginnt um 12.00 Uhr. Die R\u00fcckgabe der Yacht erfolgt bis 9.00 Uhr, im \u00dcbrigen lt. dem Chartervertrag, soweit nichts anderes vereinbart. Bei versp\u00e4teter R\u00fcckgabe k\u00f6nnen Kosten entstehen (siehe \u00a7 V).<\/p>\n<p>Der Charterer versichert, im Besitz eines g\u00fcltigen amtlichen nationalen bzw. internationalen Sportsbootf\u00fchrerscheins Binnen zu sein. Der Charterer ist verpflichtet, den F\u00fchrerschein dem Vercharterer vor Fahrtbeginn vorzulegen. Sollte der Charterer nicht \u00fcber einen Sportbootf\u00fchrerschein verf\u00fcgen, ist der Abschluss eines kostenpflichtigen Charterscheines Bedingung, welcher beim Vercharterer im Rahmen einer 3-st\u00fcndigen Schulung erlangt werden kann. Kommt der Vercharterer im Anschluss an den Charterschein-Kurs zu der \u00dcberzeugung, dass der oder die Yachtf\u00fchrer nicht \u00fcber die erforderlichen F\u00e4higkeiten zum F\u00fchren einer Yacht verf\u00fcgen, hat der Vercharterer die gesetzliche Pflicht, die \u00dcbergabe der Yacht zu verweigern. Eine Nachschulung kann auf Wunsch erworben werden. Wird der Charterschein vom Vercharterer nicht erlangt, ist eine Erstattung oder Reduzierung des Reisepreises ausgeschlossen.<\/p>\n<p>Die im Chartervertrag als Schiffsf\u00fchrer benannten Personen tragen die Verantwortung f\u00fcr den Umgang mit der Yacht. Dies gilt auch f\u00fcr den Fall, dass das F\u00fchren der Yacht anderen Mitreisenden \u00fcberlassen wird.<\/p>\n<p>Der Charterer darf die Yacht nur auf deutschen Binnengew\u00e4ssern f\u00fchren. Etwaige Abweichungen k\u00f6nnen individualvertraglich, schriftlich zwischen den Parteien vereinbart werden. Der Charterer darf keine Ver\u00e4nderungen an der Yacht oder dem Zubeh\u00f6r vornehmen. Die Yacht darf ohne Zustimmung des Vercharterers weder an Dritte weitergegeben, noch zu gewerblichen Zwecken genutzt werden. Bei erwarteten Windst\u00e4rken ab 6 der Beaufortskala darf der Charterer den Hafen nicht verlassen bzw. hat er die Yacht unverz\u00fcglich in den n\u00e4chstgelegenen Hafen zu steuern. Das Schleppen und Bergen eines anderen Schiffes sowie die Nachtschifffahrt ist dem Charterer untersagt. Bei Zuwiderhandlungen hat der Charterer s\u00e4mtlichen hieraus resultierenden Schaden zu tragen und den Vercharterer gegen\u00fcber etwaigen Anspr\u00fcchen Dritter freizustellen. Der Charterer hat den Vercharterer bei Sch\u00e4den, Havarien, Kollisionen, Grundber\u00fchrungen und au\u00dfergew\u00f6hnlichen Umst\u00e4nden, wie Diebstahl oder Beschlagnahme, unverz\u00fcglich telefonisch zu benachrichtigen. Gleiches gilt bei dem Verdacht des Vorliegens vorgenannter Umst\u00e4nde. Des Weiteren hat der Charterer unverz\u00fcglich die zust\u00e4ndige Polizei und das zust\u00e4ndige Hafenamt zu verst\u00e4ndigen und ein ausf\u00fchrliches Protokoll anzufertigen bzw. anfertigen zu lassen. Der Charterer darf notwendige Reparaturen nur nach vorheriger Zustimmung durch den Vercharterer in Auftrag geben, bzw. durchf\u00fchren lassen. Sollte dieser nicht erreichbar sein und sich das Boot in unmittelbarer Gefahr befinden, ist der Lohn des Bergungs- und Schleppdienstes auf 50,00 \u20ac \/ km zu begrenzen. Die Originalrechnung sowie die Ersatzteile hat der Charterer aufzubewahren. Reparaturkosten, die vom Charterer zu verantworten sind, m\u00fcssen von diesem selbst getragen werden.<\/p>\n<p>Auf der Yacht d\u00fcrfen nur entsprechende Bordschuhe oder solche mit weicher und heller Sohle getragen werden. Die Benutzung der Betten ist ausschlie\u00dflich nur mit Bettw\u00e4sche erlaubt, welche der Vercharterer stellt.\u00a0 Die Mitnahme von Haustieren auf der Yacht ist nur mit vorheriger Zustimmung des Vercharterers zul\u00e4ssig. F\u00fcr die Endreinigung wird hierf\u00fcr eine gesonderte Kostenpauschale dem Charterer in Rechnung gestellt. Der Aufenthalt von Haustieren in den Betten ist strengstens untersagt. Das Rauchen ist in den Schiffen ebenfalls untersagt. Zuwiderhandlungen haben den Einbehalt der Kaution zur Folge.<\/p>\n<p>Bei Beendigung der Reise hat der Charterer dem Vercharterer die Yacht in vertragsgem\u00e4\u00dfem, vollgetanktem Zustand und im vereinbarten Hafen zu \u00fcbergeben. Die Kosten der Schwarzwasser-Entsorgung tr\u00e4gt der Charterer. Die Parteien haben die R\u00fcckgabe der Yacht zu protokollieren. Etwaige Beanstandungen haben die Parteien unverz\u00fcglich bei R\u00fcckgabe der Yacht, sp\u00e4testens jedoch einen Monat nach Reiseende, geltend zu machen und im R\u00fcckgabeprotokoll festzuhalten. Sp\u00e4tere Einwendungen verlieren ihre rechtliche G\u00fcltigkeit.<\/p>\n<p><strong>IV. Haftung des Vercharterers<\/strong><\/p>\n<p>Die Haftung des Vercharterers gegen\u00fcber dem Charterer sowie den weiteren Reisebeteiligten ist auf Vorsatz und grobe Fahrl\u00e4ssigkeit beschr\u00e4nkt. Der Vercharterer haftet nicht f\u00fcr Sch\u00e4den an der Yacht oder der Ausr\u00fcstung, die die Nutzung der Yacht f\u00fcr den beabsichtigten Verwendungszweck nicht beeintr\u00e4chtigen. Der Ausfall oder eine eingeschr\u00e4nkte Nutzbarkeit der TV-Anlage (soweit vorhanden) berechtigt nicht zur Charterpreisminderung und \/ oder zur Anforderung von Serviceeins\u00e4tzen. Der Vercharterer \u00fcbernimmt keine Gew\u00e4hr f\u00fcr den Informationsgehalt von Seekarten und Handb\u00fcchern sowie den Ausfall von Bug- und Heckstrahlruder. Gleiches gilt f\u00fcr die Funktion und Ganggenauigkeit elektronischer Instrumente. Dem Charterer steht insoweit weder ein Anspruch auf Minderung des Mietpreises, noch auf Schadensersatz zu. Bei einem Ausfall der Yacht w\u00e4hrend der Mietzeit haftet der Vercharterer weder f\u00fcr die entgangene Urlaubsfreude noch f\u00fcr sonstige Sch\u00e4den. Es gilt eine Standzeit von bis zu 48 Stunden ab Reisebeginn als vereinbart. F\u00fcr diesen Zeitraum ist der Charterer nicht berechtigt, eine R\u00fcck- oder Teilzahlung des Charterpreises zu verlangen. Sollte dem Vercharterer auf Grund unvorhergesehener Ereignisse die \u00dcbergabe der Yacht oder einer Ersatzyacht nicht m\u00f6glich sein, so kann der Charterer ab 48 Stunden nach urspr\u00fcnglich vereinbartem Reisebeginn von dem Vertrag zur\u00fccktreten und den anteiligen Mietpreis zur\u00fcckverlangen. Eine \u00fcber dem vereinbarten Mietpreis liegende Haftung des Vercharterers ist ausgeschlossen.<\/p>\n<p>Der Vercharterer \u00fcbernimmt keine Haftung bei h\u00f6herer Gewalt, die zu einer Verhinderung oder Unterbrechung der Fahrt f\u00fchrt, z. B. durch Sperrung der Wasserstra\u00dfe, Reparaturen an Schleusen, \u00dcberschwemmungen, Trockenheit oder jegliche andere Gr\u00fcnde, die nicht in der Macht oder der Verantwortung des Vercharterers stehen.<\/p>\n<p><strong>V. Haftung des Charterers<\/strong><\/p>\n<p>Der Charterer haftet f\u00fcr s\u00e4mtliche Sch\u00e4den, welche durch vors\u00e4tzliche, grob fahrl\u00e4ssige oder fahrl\u00e4ssige Handlungen oder Unterlassungen des Charterers oder der Reisebeteiligten entstanden sind oder entstehen. Der Charterer stellt den Vercharterer von s\u00e4mtlichen Anspr\u00fcchen Dritter frei, welche durch vors\u00e4tzliche, grob fahrl\u00e4ssige oder fahrl\u00e4ssige Handlungen oder Unterlassungen des Charterers oder der Reisebeteiligten entstanden sind oder entstehen. Bei einer versp\u00e4teten R\u00fcckgabe hat der Charterer f\u00fcr jeden angefangenen Tag das Doppelte, der auf einen Tag entfallenden Chartergeb\u00fchr zu entrichten. Weitergehende Schadensersatzanspr\u00fcche des Vercharterers auf Grund der versp\u00e4teten R\u00fcckgabe bleiben davon unber\u00fchrt.<\/p>\n<p><strong>VI. Schlussbestimmungen<\/strong><\/p>\n<p>Es findet ausschlie\u00dflich deutsches Recht Anwendung. Gerichtsstand f\u00fcr s\u00e4mtliche Anspr\u00fcche ist Zehdenick.<\/p>\n<p>Etwaige Nebenabreden bed\u00fcrfen zu ihrer Wirksamkeit der Schriftform. Die etwaige Unwirksamkeit einzelner Regelungen ber\u00fchrt nicht die Wirksamkeit der \u00fcbrigen Vertragsbestimmungen. An die Stelle einer etwaig unwirksamen Regelung tritt diejenige wirksame Regelung, welche im Hinblick auf den ausdr\u00fccklichen und mutma\u00dflichen Willen der Parteien der zu ersetzenden Bestimmung bestm\u00f6glich entspricht.<\/p>\n<p>Eine faire und g\u00fctliche Einigung sollte angestrebt werden.<\/p>\n<p>&nbsp;<\/p>\n<p><strong>MARINA \/ Wassersportbasis \/ Rezeption<\/strong><\/p>\n<p>Marina Alter Hafen<\/p>\n<p>Im Ziegeleipark Mildenberg<\/p>\n<p>Ziegelei 11a<\/p>\n<p>16792 Zehdenick<\/p>\n<p>T:\u00a0\u00a0 +49 (0)3307 &#8211; 420 504<\/p>\n<p>&nbsp;<\/p>\n<p><strong>Unternehmenssitz<\/strong><\/p>\n<p>Brehm &amp; Presch Marina GbR<\/p>\n<p>(vertreten durch die Gesellschafter<\/p>\n<p>Frank Brehm &amp; Andr\u00e9 Presch)<\/p>\n<p>Ziegelei 5<\/p>\n<p>16792 Zehdenick<\/p>\n<p>T:\u00a0\u00a0 +49 (0)3307 &#8211; 42 000 796<\/p>\n<p>E:\u00a0\u00a0 <a href=\"mailto:welcome@marina-alter-hafen.de\">welcome@marina-alter-hafen.de<\/a><\/p>\n<p>&nbsp;<\/p>\n<p><strong>Erg\u00e4nzung f\u00fcr Vermietung von Tagesbooten \/ Kanuverleih und Camping<\/strong><\/p>\n<p><strong>Boote:<\/strong><\/p>\n<p>Bei Buchung &#8211; online, brieflich oder telefonisch wird eine Anzahlung von 100 % des Gesamt-Mietbetrages f\u00e4llig. Mit Buchung wird das Boot (auch Kanu \/ SUP) f\u00fcr Sie reserviert.<\/p>\n<p>Der Mietvertrag ist verbindlich und nicht stornierbar. Bis 8 Tage vor dem Mietzeitpunkt ist die Buchung kostenlos verschiebbar. Eine sp\u00e4tere Verschiebung wird mit 25,00 \u20ac berechnet. Bei Stornierung oder No-Show fallen 100 % des Mietbetrages als Entsch\u00e4digung an.<\/p>\n<p><strong>Campingfass \/ Mietwohnwagen:<\/strong><\/p>\n<p>Bei Buchung &#8211; online, brieflich oder telefonisch wird eine Anzahlung von 100 % des Gesamt-Mietbetrages f\u00e4llig. Mit Buchung wird das Fass \/ der Wohnwagen f\u00fcr Sie reserviert.<\/p>\n<p>Die Buchung ist verbindlich. Bis 8 Tage vor der gebuchten Anreise ist die Buchung kostenlos stornierbar oder umbuchbar. Ab 7 Tage vor Anreise wird eine Stornierung mit 50 % des Grundpreises in Rechnung gestellt. Bei No-Show fallen 100 % des Grundpreises als Entsch\u00e4digung an.<\/p>\n<p>&nbsp;<\/p>\n","protected":false},"excerpt":{"rendered":"<p>Allgemeine Gesch\u00e4ftsbedingungen der Brehm &amp; Presch Marina GbR AGBs im PDF-Format&#8230; AGB \u2013 Allgemeine Gesch\u00e4ftsbedingungen der Brehm &amp; Presch Marina GbR Aus Gr\u00fcnden der besseren Lesbarkeit wird auf die gleichzeitige Verwendung der Sprachformen m\u00e4nnlich, weiblich und divers (m\/w\/d) verzichtet. S\u00e4mtliche Personenbezeichnungen gelten gleicherma\u00dfen f\u00fcr alle Geschlechter. Chartervertrag I. Vertragsschluss Chartervertrag Der Chartervertrag wird zwischen dem<\/p>\n","protected":false},"author":1,"featured_media":0,"parent":0,"menu_order":0,"comment_status":"closed","ping_status":"closed","template":"","meta":{"_exactmetrics_skip_tracking":false,"_exactmetrics_sitenote_active":false,"_exactmetrics_sitenote_note":"","_exactmetrics_sitenote_category":0,"footnotes":""},"class_list":["post-12099","page","type-page","status-publish","hentry","prodpage-style2"],"yoast_head":"<!-- This site is optimized with the Yoast SEO Premium plugin v27.1 (Yoast SEO v27.1.1) - https:\/\/yoast.com\/product\/yoast-seo-premium-wordpress\/ -->\n<title>Terms &amp; Conditions - Marina Alter Hafen<\/title>\n<meta name=\"description\" content=\"Terms &amp; conditions of Brehm &amp; Presch Marina GbR\" \/>\n<meta name=\"robots\" content=\"index, follow, max-snippet:-1, max-image-preview:large, max-video-preview:-1\" \/>\n<link rel=\"canonical\" href=\"https:\/\/marina-alter-hafen.de\/en\/terms-conditions\/\" \/>\n<meta name=\"twitter:label1\" content=\"Est. reading time\" \/>\n\t<meta name=\"twitter:data1\" content=\"10 minutes\" \/>\n<script type=\"application\/ld+json\" class=\"yoast-schema-graph\">{\"@context\":\"https:\/\/schema.org\",\"@graph\":[{\"@type\":\"WebPage\",\"@id\":\"https:\/\/marina-alter-hafen.de\/en\/terms-conditions\/\",\"url\":\"https:\/\/marina-alter-hafen.de\/en\/terms-conditions\/\",\"name\":\"Terms & Conditions - Marina Alter Hafen\",\"isPartOf\":{\"@id\":\"https:\/\/marina-alter-hafen.de\/#website\"},\"primaryImageOfPage\":{\"@id\":\"https:\/\/marina-alter-hafen.de\/en\/terms-conditions\/#primaryimage\"},\"image\":{\"@id\":\"https:\/\/marina-alter-hafen.de\/en\/terms-conditions\/#primaryimage\"},\"thumbnailUrl\":\"https:\/\/marina-alter-hafen.de\/wp-content\/uploads\/2017\/02\/Urlaub-Impressionen-Jachurlaub-Pedro-Levanto-Havel-01-300x169.jpg\",\"datePublished\":\"2016-08-03T05:56:05+00:00\",\"dateModified\":\"2023-03-09T09:00:49+00:00\",\"description\":\"Terms & conditions of Brehm & Presch Marina GbR\",\"breadcrumb\":{\"@id\":\"https:\/\/marina-alter-hafen.de\/en\/terms-conditions\/#breadcrumb\"},\"inLanguage\":\"en-US\",\"potentialAction\":[{\"@type\":\"ReadAction\",\"target\":[\"https:\/\/marina-alter-hafen.de\/en\/terms-conditions\/\"]}]},{\"@type\":\"ImageObject\",\"inLanguage\":\"en-US\",\"@id\":\"https:\/\/marina-alter-hafen.de\/en\/terms-conditions\/#primaryimage\",\"url\":\"https:\/\/marina-alter-hafen.de\/wp-content\/uploads\/2017\/02\/Urlaub-Impressionen-Jachurlaub-Pedro-Levanto-Havel-01-300x169.jpg\",\"contentUrl\":\"https:\/\/marina-alter-hafen.de\/wp-content\/uploads\/2017\/02\/Urlaub-Impressionen-Jachurlaub-Pedro-Levanto-Havel-01-300x169.jpg\"},{\"@type\":\"BreadcrumbList\",\"@id\":\"https:\/\/marina-alter-hafen.de\/en\/terms-conditions\/#breadcrumb\",\"itemListElement\":[{\"@type\":\"ListItem\",\"position\":1,\"name\":\"Startseite\",\"item\":\"https:\/\/marina-alter-hafen.de\/en\/\"},{\"@type\":\"ListItem\",\"position\":2,\"name\":\"Terms &#038; Conditions\"}]},{\"@type\":\"WebSite\",\"@id\":\"https:\/\/marina-alter-hafen.de\/#website\",\"url\":\"https:\/\/marina-alter-hafen.de\/\",\"name\":\"Marina Alter Hafen\",\"description\":\"Boot oder Yacht mieten - Urlaub auf dem Boot - Brandenburg\",\"publisher\":{\"@id\":\"https:\/\/marina-alter-hafen.de\/#organization\"},\"potentialAction\":[{\"@type\":\"SearchAction\",\"target\":{\"@type\":\"EntryPoint\",\"urlTemplate\":\"https:\/\/marina-alter-hafen.de\/?s={search_term_string}\"},\"query-input\":{\"@type\":\"PropertyValueSpecification\",\"valueRequired\":true,\"valueName\":\"search_term_string\"}}],\"inLanguage\":\"en-US\"},{\"@type\":\"Organization\",\"@id\":\"https:\/\/marina-alter-hafen.de\/#organization\",\"name\":\"MARINA ALTER HAFEN\",\"url\":\"https:\/\/marina-alter-hafen.de\/\",\"logo\":{\"@type\":\"ImageObject\",\"inLanguage\":\"en-US\",\"@id\":\"https:\/\/marina-alter-hafen.de\/#\/schema\/logo\/image\/\",\"url\":\"https:\/\/marina-alter-hafen.de\/wp-content\/uploads\/2016\/09\/Logo-Marina-Alter-Hafen-500.jpg\",\"contentUrl\":\"https:\/\/marina-alter-hafen.de\/wp-content\/uploads\/2016\/09\/Logo-Marina-Alter-Hafen-500.jpg\",\"width\":500,\"height\":360,\"caption\":\"MARINA ALTER HAFEN\"},\"image\":{\"@id\":\"https:\/\/marina-alter-hafen.de\/#\/schema\/logo\/image\/\"}}]}<\/script>\n<!-- \/ Yoast SEO Premium plugin. -->","yoast_head_json":{"title":"Terms & Conditions - Marina Alter Hafen","description":"Terms & conditions of Brehm & Presch Marina GbR","robots":{"index":"index","follow":"follow","max-snippet":"max-snippet:-1","max-image-preview":"max-image-preview:large","max-video-preview":"max-video-preview:-1"},"canonical":"https:\/\/marina-alter-hafen.de\/en\/terms-conditions\/","twitter_misc":{"Est. reading time":"10 minutes"},"schema":{"@context":"https:\/\/schema.org","@graph":[{"@type":"WebPage","@id":"https:\/\/marina-alter-hafen.de\/en\/terms-conditions\/","url":"https:\/\/marina-alter-hafen.de\/en\/terms-conditions\/","name":"Terms & Conditions - Marina Alter Hafen","isPartOf":{"@id":"https:\/\/marina-alter-hafen.de\/#website"},"primaryImageOfPage":{"@id":"https:\/\/marina-alter-hafen.de\/en\/terms-conditions\/#primaryimage"},"image":{"@id":"https:\/\/marina-alter-hafen.de\/en\/terms-conditions\/#primaryimage"},"thumbnailUrl":"https:\/\/marina-alter-hafen.de\/wp-content\/uploads\/2017\/02\/Urlaub-Impressionen-Jachurlaub-Pedro-Levanto-Havel-01-300x169.jpg","datePublished":"2016-08-03T05:56:05+00:00","dateModified":"2023-03-09T09:00:49+00:00","description":"Terms & conditions of Brehm & Presch Marina GbR","breadcrumb":{"@id":"https:\/\/marina-alter-hafen.de\/en\/terms-conditions\/#breadcrumb"},"inLanguage":"en-US","potentialAction":[{"@type":"ReadAction","target":["https:\/\/marina-alter-hafen.de\/en\/terms-conditions\/"]}]},{"@type":"ImageObject","inLanguage":"en-US","@id":"https:\/\/marina-alter-hafen.de\/en\/terms-conditions\/#primaryimage","url":"https:\/\/marina-alter-hafen.de\/wp-content\/uploads\/2017\/02\/Urlaub-Impressionen-Jachurlaub-Pedro-Levanto-Havel-01-300x169.jpg","contentUrl":"https:\/\/marina-alter-hafen.de\/wp-content\/uploads\/2017\/02\/Urlaub-Impressionen-Jachurlaub-Pedro-Levanto-Havel-01-300x169.jpg"},{"@type":"BreadcrumbList","@id":"https:\/\/marina-alter-hafen.de\/en\/terms-conditions\/#breadcrumb","itemListElement":[{"@type":"ListItem","position":1,"name":"Startseite","item":"https:\/\/marina-alter-hafen.de\/en\/"},{"@type":"ListItem","position":2,"name":"Terms &#038; Conditions"}]},{"@type":"WebSite","@id":"https:\/\/marina-alter-hafen.de\/#website","url":"https:\/\/marina-alter-hafen.de\/","name":"Marina Alter Hafen","description":"Boot oder Yacht mieten - Urlaub auf dem Boot - Brandenburg","publisher":{"@id":"https:\/\/marina-alter-hafen.de\/#organization"},"potentialAction":[{"@type":"SearchAction","target":{"@type":"EntryPoint","urlTemplate":"https:\/\/marina-alter-hafen.de\/?s={search_term_string}"},"query-input":{"@type":"PropertyValueSpecification","valueRequired":true,"valueName":"search_term_string"}}],"inLanguage":"en-US"},{"@type":"Organization","@id":"https:\/\/marina-alter-hafen.de\/#organization","name":"MARINA ALTER HAFEN","url":"https:\/\/marina-alter-hafen.de\/","logo":{"@type":"ImageObject","inLanguage":"en-US","@id":"https:\/\/marina-alter-hafen.de\/#\/schema\/logo\/image\/","url":"https:\/\/marina-alter-hafen.de\/wp-content\/uploads\/2016\/09\/Logo-Marina-Alter-Hafen-500.jpg","contentUrl":"https:\/\/marina-alter-hafen.de\/wp-content\/uploads\/2016\/09\/Logo-Marina-Alter-Hafen-500.jpg","width":500,"height":360,"caption":"MARINA ALTER HAFEN"},"image":{"@id":"https:\/\/marina-alter-hafen.de\/#\/schema\/logo\/image\/"}}]}},"_links":{"self":[{"href":"https:\/\/marina-alter-hafen.de\/en\/wp-json\/wp\/v2\/pages\/12099","targetHints":{"allow":["GET"]}}],"collection":[{"href":"https:\/\/marina-alter-hafen.de\/en\/wp-json\/wp\/v2\/pages"}],"about":[{"href":"https:\/\/marina-alter-hafen.de\/en\/wp-json\/wp\/v2\/types\/page"}],"author":[{"embeddable":true,"href":"https:\/\/marina-alter-hafen.de\/en\/wp-json\/wp\/v2\/users\/1"}],"replies":[{"embeddable":true,"href":"https:\/\/marina-alter-hafen.de\/en\/wp-json\/wp\/v2\/comments?post=12099"}],"version-history":[{"count":4,"href":"https:\/\/marina-alter-hafen.de\/en\/wp-json\/wp\/v2\/pages\/12099\/revisions"}],"predecessor-version":[{"id":26501,"href":"https:\/\/marina-alter-hafen.de\/en\/wp-json\/wp\/v2\/pages\/12099\/revisions\/26501"}],"wp:attachment":[{"href":"https:\/\/marina-alter-hafen.de\/en\/wp-json\/wp\/v2\/media?parent=12099"}],"curies":[{"name":"wp","href":"https:\/\/api.w.org\/{rel}","templated":true}]}}